{"id":14,"date":"2020-06-06T13:02:01","date_gmt":"2020-06-06T13:02:01","guid":{"rendered":"http:\/\/art-et-action.fr\/?page_id=14"},"modified":"2021-02-06T15:18:55","modified_gmt":"2021-02-06T15:18:55","slug":"accueil","status":"publish","type":"page","link":"http:\/\/art-et-action.fr\/","title":{"rendered":"Accueil"},"content":{"rendered":"\n<div class=\"wp-block-uagb-advanced-heading uagb-block-27ee309b\"><h2 class=\"uagb-heading-text\"><strong>ART &amp; ACTION<\/strong><\/h2><div class=\"uagb-separator-wrap\"><div class=\"uagb-separator\"><\/div><\/div><p class=\"uagb-desc-text\"><\/p><\/div>\n\n\n\n<div class=\"wp-block-uagb-advanced-heading uagb-block-54032b66\"><h3 class=\"uagb-heading-text\"><strong><span style=\"text-decoration: underline;\">BIOGRAPHIE<\/span><\/strong>:<\/h3><p class=\"uagb-desc-text\">L\u00e9opold est n\u00e9 le 12 Mai 1978 \u00e0 Bordeaux. Apr\u00e8s ses \u00e9tudes en BTS, il s&rsquo;int\u00e9resse \u00e0 la chaudronnerie,  \u00e0 la ferronnerie ainsi qu&rsquo;au tournage et \u00e0 la sculpture sur bois. Il redonne vie aux couverts en m\u00e9tal argent\u00e9 en les fa\u00e7onnant selon son inspiration du moment. Passionn\u00e9 par la revalorisation des objets ayant une histoire, il vous fabrique ce que vous voulez, sur mesure, et selon vos choix.<\/p><\/div>\n\n\n\n<div style=\"height:35px\" aria-hidden=\"true\" class=\"wp-block-spacer\"><\/div>\n\n\n\n<div class=\"wp-block-image\"><figure class=\"aligncenter size-large is-resized\"><img loading=\"lazy\" src=\"http:\/\/art-et-action.fr\/wp-content\/uploads\/2020\/06\/portrait-bd-1-768x1024.jpg\" alt=\"\" class=\"wp-image-1982\" width=\"557\" height=\"743\" srcset=\"http:\/\/art-et-action.fr\/wp-content\/uploads\/2020\/06\/portrait-bd-1-768x1024.jpg 768w, http:\/\/art-et-action.fr\/wp-content\/uploads\/2020\/06\/portrait-bd-1-225x300.jpg 225w, http:\/\/art-et-action.fr\/wp-content\/uploads\/2020\/06\/portrait-bd-1.jpg 900w\" sizes=\"(max-width: 557px) 100vw, 557px\" \/><\/figure><\/div>\n\n\n\n<div style=\"height:31px\" aria-hidden=\"true\" class=\"wp-block-spacer\"><\/div>\n\n\n\n<div class=\"wp-block-uagb-advanced-heading uagb-block-0a4c3632\"><h3 class=\"uagb-heading-text\"><strong><span style=\"text-decoration: underline;\">PUBLICATION DANS LES JOURNAUX<\/span><\/strong>:<\/h3><p class=\"uagb-desc-text\"><\/p><\/div>\n\n\n\n<div style=\"height:20px\" aria-hidden=\"true\" class=\"wp-block-spacer\"><\/div>\n\n\n\n<div class=\"wp-block-image\"><figure class=\"aligncenter size-large\"><img loading=\"lazy\" width=\"574\" height=\"1024\" src=\"http:\/\/art-et-action.fr\/wp-content\/uploads\/2021\/02\/leopold-sud-ouest-taille-web-574x1024.jpg\" alt=\"\" class=\"wp-image-2076\" srcset=\"http:\/\/art-et-action.fr\/wp-content\/uploads\/2021\/02\/leopold-sud-ouest-taille-web-574x1024.jpg 574w, http:\/\/art-et-action.fr\/wp-content\/uploads\/2021\/02\/leopold-sud-ouest-taille-web-168x300.jpg 168w, http:\/\/art-et-action.fr\/wp-content\/uploads\/2021\/02\/leopold-sud-ouest-taille-web.jpg 673w\" sizes=\"(max-width: 574px) 100vw, 574px\" \/><figcaption><strong>Journal Sud-Ouest &#8211; 6 F\u00e9vrier 2021<\/strong><\/figcaption><\/figure><\/div>\n\n\n\n<div class=\"wp-block-image\"><figure class=\"aligncenter size-large\"><img loading=\"lazy\" width=\"736\" height=\"1024\" src=\"http:\/\/art-et-action.fr\/wp-content\/uploads\/2021\/02\/leopold-Courrier-de-Gironde-5fev2021-taille-web-736x1024.jpg\" alt=\"\" class=\"wp-image-2082\" srcset=\"http:\/\/art-et-action.fr\/wp-content\/uploads\/2021\/02\/leopold-Courrier-de-Gironde-5fev2021-taille-web-736x1024.jpg 736w, http:\/\/art-et-action.fr\/wp-content\/uploads\/2021\/02\/leopold-Courrier-de-Gironde-5fev2021-taille-web-216x300.jpg 216w, http:\/\/art-et-action.fr\/wp-content\/uploads\/2021\/02\/leopold-Courrier-de-Gironde-5fev2021-taille-web-768x1069.jpg 768w, http:\/\/art-et-action.fr\/wp-content\/uploads\/2021\/02\/leopold-Courrier-de-Gironde-5fev2021-taille-web.jpg 862w\" sizes=\"(max-width: 736px) 100vw, 736px\" \/><figcaption><strong>Courrier de Gironde &#8211; 5 f\u00e9vrier 2021<\/strong><\/figcaption><\/figure><\/div>\n\n\n\n<div class=\"wp-block-uagb-advanced-heading uagb-block-08051079\"><h3 class=\"uagb-heading-text\"><strong><span style=\"text-decoration: underline;\">CREATIONS<\/span><\/strong>:<\/h3><p class=\"uagb-desc-text\"><\/p><\/div>\n\n\n\n<div style=\"height:20px\" aria-hidden=\"true\" class=\"wp-block-spacer\"><\/div>\n\n\n\n<div class=\"wp-block-image\"><figure class=\"aligncenter size-large\"><img loading=\"lazy\" width=\"1024\" height=\"768\" src=\"http:\/\/art-et-action.fr\/wp-content\/uploads\/2021\/02\/IMG_0045-Resized-1024x768.jpg\" alt=\"\" class=\"wp-image-2039\" srcset=\"http:\/\/art-et-action.fr\/wp-content\/uploads\/2021\/02\/IMG_0045-Resized-1024x768.jpg 1024w, http:\/\/art-et-action.fr\/wp-content\/uploads\/2021\/02\/IMG_0045-Resized-300x225.jpg 300w, http:\/\/art-et-action.fr\/wp-content\/uploads\/2021\/02\/IMG_0045-Resized-768x576.jpg 768w, http:\/\/art-et-action.fr\/wp-content\/uploads\/2021\/02\/IMG_0045-Resized.jpg 1200w\" sizes=\"(max-width: 1024px) 100vw, 1024px\" \/><\/figure><\/div>\n\n\n\n<div class=\"wp-block-image\"><figure class=\"aligncenter size-large\"><img loading=\"lazy\" width=\"1024\" height=\"768\" src=\"http:\/\/art-et-action.fr\/wp-content\/uploads\/2021\/02\/Outlook-ufcpor23-Resized-1024x768.jpg\" alt=\"\" class=\"wp-image-2050\" srcset=\"http:\/\/art-et-action.fr\/wp-content\/uploads\/2021\/02\/Outlook-ufcpor23-Resized-1024x768.jpg 1024w, http:\/\/art-et-action.fr\/wp-content\/uploads\/2021\/02\/Outlook-ufcpor23-Resized-300x225.jpg 300w, http:\/\/art-et-action.fr\/wp-content\/uploads\/2021\/02\/Outlook-ufcpor23-Resized-768x576.jpg 768w, http:\/\/art-et-action.fr\/wp-content\/uploads\/2021\/02\/Outlook-ufcpor23-Resized.jpg 1200w\" sizes=\"(max-width: 1024px) 100vw, 1024px\" \/><\/figure><\/div>\n\n\n\n<div class=\"wp-block-image\"><figure class=\"aligncenter size-large\"><img loading=\"lazy\" width=\"1024\" height=\"575\" src=\"http:\/\/art-et-action.fr\/wp-content\/uploads\/2021\/02\/P1070682-Resized-1024x575.jpg\" alt=\"\" class=\"wp-image-2053\" srcset=\"http:\/\/art-et-action.fr\/wp-content\/uploads\/2021\/02\/P1070682-Resized-1024x575.jpg 1024w, http:\/\/art-et-action.fr\/wp-content\/uploads\/2021\/02\/P1070682-Resized-300x169.jpg 300w, http:\/\/art-et-action.fr\/wp-content\/uploads\/2021\/02\/P1070682-Resized-768x431.jpg 768w, http:\/\/art-et-action.fr\/wp-content\/uploads\/2021\/02\/P1070682-Resized.jpg 1200w\" sizes=\"(max-width: 1024px) 100vw, 1024px\" \/><\/figure><\/div>\n\n\n\n<div class=\"wp-block-image\"><figure class=\"aligncenter size-large\"><img loading=\"lazy\" width=\"1024\" height=\"768\" src=\"http:\/\/art-et-action.fr\/wp-content\/uploads\/2020\/06\/P1060919-1024x768.jpg\" alt=\"\" class=\"wp-image-1959\" srcset=\"http:\/\/art-et-action.fr\/wp-content\/uploads\/2020\/06\/P1060919-1024x768.jpg 1024w, http:\/\/art-et-action.fr\/wp-content\/uploads\/2020\/06\/P1060919-300x225.jpg 300w, http:\/\/art-et-action.fr\/wp-content\/uploads\/2020\/06\/P1060919-768x576.jpg 768w, http:\/\/art-et-action.fr\/wp-content\/uploads\/2020\/06\/P1060919.jpg 1200w\" sizes=\"(max-width: 1024px) 100vw, 1024px\" \/><\/figure><\/div>\n\n\n\n<div class=\"wp-block-image\"><figure class=\"aligncenter size-large\"><img loading=\"lazy\" width=\"1024\" height=\"575\" src=\"http:\/\/art-et-action.fr\/wp-content\/uploads\/2020\/06\/P1060895-1024x575.jpg\" alt=\"\" class=\"wp-image-1868\" srcset=\"http:\/\/art-et-action.fr\/wp-content\/uploads\/2020\/06\/P1060895-1024x575.jpg 1024w, http:\/\/art-et-action.fr\/wp-content\/uploads\/2020\/06\/P1060895-300x169.jpg 300w, http:\/\/art-et-action.fr\/wp-content\/uploads\/2020\/06\/P1060895-768x431.jpg 768w, http:\/\/art-et-action.fr\/wp-content\/uploads\/2020\/06\/P1060895.jpg 1200w\" sizes=\"(max-width: 1024px) 100vw, 1024px\" \/><\/figure><\/div>\n\n\n\n<div class=\"wp-block-image\"><figure class=\"aligncenter size-large\"><img loading=\"lazy\" width=\"575\" height=\"1024\" src=\"http:\/\/art-et-action.fr\/wp-content\/uploads\/2020\/08\/P1070488-e1598128689544-575x1024.jpg\" alt=\"\" class=\"wp-image-2003\" srcset=\"http:\/\/art-et-action.fr\/wp-content\/uploads\/2020\/08\/P1070488-e1598128689544-575x1024.jpg 575w, http:\/\/art-et-action.fr\/wp-content\/uploads\/2020\/08\/P1070488-e1598128689544-169x300.jpg 169w, http:\/\/art-et-action.fr\/wp-content\/uploads\/2020\/08\/P1070488-e1598128689544.jpg 674w\" sizes=\"(max-width: 575px) 100vw, 575px\" \/><\/figure><\/div>\n\n\n\n<div class=\"wp-block-image\"><figure class=\"aligncenter size-large\"><img loading=\"lazy\" width=\"1024\" height=\"576\" src=\"http:\/\/art-et-action.fr\/wp-content\/uploads\/2020\/06\/DSC01869-1024x576.jpg\" alt=\"\" class=\"wp-image-1860\" srcset=\"http:\/\/art-et-action.fr\/wp-content\/uploads\/2020\/06\/DSC01869-1024x576.jpg 1024w, http:\/\/art-et-action.fr\/wp-content\/uploads\/2020\/06\/DSC01869-300x169.jpg 300w, http:\/\/art-et-action.fr\/wp-content\/uploads\/2020\/06\/DSC01869-768x432.jpg 768w, http:\/\/art-et-action.fr\/wp-content\/uploads\/2020\/06\/DSC01869.jpg 1200w\" sizes=\"(max-width: 1024px) 100vw, 1024px\" \/><\/figure><\/div>\n\n\n\n<figure class=\"wp-container-2 wp-block-gallery-1 wp-block-gallery columns-2 is-cropped\"><ul class=\"blocks-gallery-grid\"><li class=\"blocks-gallery-item\"><figure><img loading=\"lazy\" width=\"1024\" height=\"1013\" src=\"http:\/\/art-et-action.fr\/wp-content\/uploads\/2020\/06\/marche\u0301-de-noe\u0308l-2012-015-1-1024x1013.jpg\" alt=\"\" data-id=\"1597\" data-full-url=\"http:\/\/art-et-action.fr\/wp-content\/uploads\/2020\/06\/marche\u0301-de-noe\u0308l-2012-015-1.jpg\" data-link=\"http:\/\/art-et-action.fr\/?attachment_id=1597\" class=\"wp-image-1597\" srcset=\"http:\/\/art-et-action.fr\/wp-content\/uploads\/2020\/06\/marche\u0301-de-noe\u0308l-2012-015-1-1024x1013.jpg 1024w, http:\/\/art-et-action.fr\/wp-content\/uploads\/2020\/06\/marche\u0301-de-noe\u0308l-2012-015-1-300x297.jpg 300w, http:\/\/art-et-action.fr\/wp-content\/uploads\/2020\/06\/marche\u0301-de-noe\u0308l-2012-015-1-768x760.jpg 768w, http:\/\/art-et-action.fr\/wp-content\/uploads\/2020\/06\/marche\u0301-de-noe\u0308l-2012-015-1.jpg 1200w\" sizes=\"(max-width: 1024px) 100vw, 1024px\" \/><\/figure><\/li><li class=\"blocks-gallery-item\"><figure><img loading=\"lazy\" width=\"1024\" height=\"769\" src=\"http:\/\/art-et-action.fr\/wp-content\/uploads\/2020\/06\/argenterie-le\u0301o-2009-23-1024x769.jpg\" alt=\"\" data-id=\"1914\" data-full-url=\"http:\/\/art-et-action.fr\/wp-content\/uploads\/2020\/06\/argenterie-le\u0301o-2009-23.jpg\" data-link=\"http:\/\/art-et-action.fr\/?attachment_id=1914\" class=\"wp-image-1914\" srcset=\"http:\/\/art-et-action.fr\/wp-content\/uploads\/2020\/06\/argenterie-le\u0301o-2009-23-1024x769.jpg 1024w, http:\/\/art-et-action.fr\/wp-content\/uploads\/2020\/06\/argenterie-le\u0301o-2009-23-300x225.jpg 300w, http:\/\/art-et-action.fr\/wp-content\/uploads\/2020\/06\/argenterie-le\u0301o-2009-23-768x577.jpg 768w, http:\/\/art-et-action.fr\/wp-content\/uploads\/2020\/06\/argenterie-le\u0301o-2009-23.jpg 1200w\" sizes=\"(max-width: 1024px) 100vw, 1024px\" \/><\/figure><\/li><li class=\"blocks-gallery-item\"><figure><img loading=\"lazy\" width=\"1024\" height=\"769\" src=\"http:\/\/art-et-action.fr\/wp-content\/uploads\/2020\/06\/argenterie-le\u0301o-2009-20-1024x769.jpg\" alt=\"\" data-id=\"1912\" data-full-url=\"http:\/\/art-et-action.fr\/wp-content\/uploads\/2020\/06\/argenterie-le\u0301o-2009-20.jpg\" data-link=\"http:\/\/art-et-action.fr\/?attachment_id=1912\" class=\"wp-image-1912\" srcset=\"http:\/\/art-et-action.fr\/wp-content\/uploads\/2020\/06\/argenterie-le\u0301o-2009-20-1024x769.jpg 1024w, http:\/\/art-et-action.fr\/wp-content\/uploads\/2020\/06\/argenterie-le\u0301o-2009-20-300x225.jpg 300w, http:\/\/art-et-action.fr\/wp-content\/uploads\/2020\/06\/argenterie-le\u0301o-2009-20-768x577.jpg 768w, http:\/\/art-et-action.fr\/wp-content\/uploads\/2020\/06\/argenterie-le\u0301o-2009-20.jpg 1200w\" sizes=\"(max-width: 1024px) 100vw, 1024px\" \/><\/figure><\/li><li class=\"blocks-gallery-item\"><figure><img loading=\"lazy\" width=\"1024\" height=\"576\" src=\"http:\/\/art-et-action.fr\/wp-content\/uploads\/2020\/06\/P1060733-1024x576.jpg\" alt=\"\" data-id=\"1568\" data-full-url=\"http:\/\/art-et-action.fr\/wp-content\/uploads\/2020\/06\/P1060733.jpg\" data-link=\"http:\/\/art-et-action.fr\/?attachment_id=1568\" class=\"wp-image-1568\" srcset=\"http:\/\/art-et-action.fr\/wp-content\/uploads\/2020\/06\/P1060733-1024x576.jpg 1024w, http:\/\/art-et-action.fr\/wp-content\/uploads\/2020\/06\/P1060733-300x169.jpg 300w, http:\/\/art-et-action.fr\/wp-content\/uploads\/2020\/06\/P1060733-768x432.jpg 768w, http:\/\/art-et-action.fr\/wp-content\/uploads\/2020\/06\/P1060733.jpg 1200w\" sizes=\"(max-width: 1024px) 100vw, 1024px\" \/><\/figure><\/li><li class=\"blocks-gallery-item\"><figure><img loading=\"lazy\" width=\"1024\" height=\"830\" src=\"http:\/\/art-et-action.fr\/wp-content\/uploads\/2020\/06\/P1010006.--1024x830.jpg\" alt=\"\" data-id=\"1482\" data-full-url=\"http:\/\/art-et-action.fr\/wp-content\/uploads\/2020\/06\/P1010006.-.jpg\" data-link=\"http:\/\/art-et-action.fr\/?attachment_id=1482\" class=\"wp-image-1482\" srcset=\"http:\/\/art-et-action.fr\/wp-content\/uploads\/2020\/06\/P1010006.--1024x830.jpg 1024w, http:\/\/art-et-action.fr\/wp-content\/uploads\/2020\/06\/P1010006.--300x243.jpg 300w, http:\/\/art-et-action.fr\/wp-content\/uploads\/2020\/06\/P1010006.--768x623.jpg 768w, http:\/\/art-et-action.fr\/wp-content\/uploads\/2020\/06\/P1010006.-.jpg 1200w\" sizes=\"(max-width: 1024px) 100vw, 1024px\" \/><\/figure><\/li><li class=\"blocks-gallery-item\"><figure><img loading=\"lazy\" width=\"768\" height=\"1024\" src=\"http:\/\/art-et-action.fr\/wp-content\/uploads\/2020\/06\/lampesLe\u0301o2008-001-768x1024.jpg\" alt=\"\" data-id=\"1461\" data-full-url=\"http:\/\/art-et-action.fr\/wp-content\/uploads\/2020\/06\/lampesLe\u0301o2008-001.jpg\" data-link=\"http:\/\/art-et-action.fr\/?attachment_id=1461\" class=\"wp-image-1461\" srcset=\"http:\/\/art-et-action.fr\/wp-content\/uploads\/2020\/06\/lampesLe\u0301o2008-001-768x1024.jpg 768w, http:\/\/art-et-action.fr\/wp-content\/uploads\/2020\/06\/lampesLe\u0301o2008-001-225x300.jpg 225w, http:\/\/art-et-action.fr\/wp-content\/uploads\/2020\/06\/lampesLe\u0301o2008-001.jpg 900w\" sizes=\"(max-width: 768px) 100vw, 768px\" \/><\/figure><\/li><li class=\"blocks-gallery-item\"><figure><img loading=\"lazy\" width=\"1024\" height=\"576\" src=\"http:\/\/art-et-action.fr\/wp-content\/uploads\/2020\/06\/DSC07044-1024x576.jpg\" alt=\"\" data-id=\"1452\" data-full-url=\"http:\/\/art-et-action.fr\/wp-content\/uploads\/2020\/06\/DSC07044.jpg\" data-link=\"http:\/\/art-et-action.fr\/?attachment_id=1452\" class=\"wp-image-1452\" srcset=\"http:\/\/art-et-action.fr\/wp-content\/uploads\/2020\/06\/DSC07044-1024x576.jpg 1024w, http:\/\/art-et-action.fr\/wp-content\/uploads\/2020\/06\/DSC07044-300x169.jpg 300w, http:\/\/art-et-action.fr\/wp-content\/uploads\/2020\/06\/DSC07044-768x432.jpg 768w, http:\/\/art-et-action.fr\/wp-content\/uploads\/2020\/06\/DSC07044.jpg 1200w\" sizes=\"(max-width: 1024px) 100vw, 1024px\" \/><\/figure><\/li><li class=\"blocks-gallery-item\"><figure><img loading=\"lazy\" width=\"887\" height=\"1024\" src=\"http:\/\/art-et-action.fr\/wp-content\/uploads\/2020\/06\/P1010049-887x1024.jpg\" alt=\"\" data-id=\"1432\" data-full-url=\"http:\/\/art-et-action.fr\/wp-content\/uploads\/2020\/06\/P1010049.jpg\" data-link=\"http:\/\/art-et-action.fr\/?attachment_id=1432\" class=\"wp-image-1432\" srcset=\"http:\/\/art-et-action.fr\/wp-content\/uploads\/2020\/06\/P1010049-887x1024.jpg 887w, http:\/\/art-et-action.fr\/wp-content\/uploads\/2020\/06\/P1010049-260x300.jpg 260w, http:\/\/art-et-action.fr\/wp-content\/uploads\/2020\/06\/P1010049-768x887.jpg 768w, http:\/\/art-et-action.fr\/wp-content\/uploads\/2020\/06\/P1010049.jpg 1039w\" sizes=\"(max-width: 887px) 100vw, 887px\" \/><\/figure><\/li><li class=\"blocks-gallery-item\"><figure><img loading=\"lazy\" width=\"1024\" height=\"768\" src=\"http:\/\/art-et-action.fr\/wp-content\/uploads\/2020\/06\/P1010092-1024x768.jpg\" alt=\"\" data-id=\"1384\" data-full-url=\"http:\/\/art-et-action.fr\/wp-content\/uploads\/2020\/06\/P1010092.jpg\" data-link=\"http:\/\/art-et-action.fr\/?attachment_id=1384\" class=\"wp-image-1384\" srcset=\"http:\/\/art-et-action.fr\/wp-content\/uploads\/2020\/06\/P1010092-1024x768.jpg 1024w, http:\/\/art-et-action.fr\/wp-content\/uploads\/2020\/06\/P1010092-300x225.jpg 300w, http:\/\/art-et-action.fr\/wp-content\/uploads\/2020\/06\/P1010092-768x576.jpg 768w, http:\/\/art-et-action.fr\/wp-content\/uploads\/2020\/06\/P1010092.jpg 1200w\" sizes=\"(max-width: 1024px) 100vw, 1024px\" \/><\/figure><\/li><li class=\"blocks-gallery-item\"><figure><img loading=\"lazy\" width=\"1024\" height=\"768\" src=\"http:\/\/art-et-action.fr\/wp-content\/uploads\/2020\/06\/P1010043-1024x768.jpg\" alt=\"\" data-id=\"1371\" data-full-url=\"http:\/\/art-et-action.fr\/wp-content\/uploads\/2020\/06\/P1010043.jpg\" data-link=\"http:\/\/art-et-action.fr\/?attachment_id=1371\" class=\"wp-image-1371\" srcset=\"http:\/\/art-et-action.fr\/wp-content\/uploads\/2020\/06\/P1010043-1024x768.jpg 1024w, http:\/\/art-et-action.fr\/wp-content\/uploads\/2020\/06\/P1010043-300x225.jpg 300w, http:\/\/art-et-action.fr\/wp-content\/uploads\/2020\/06\/P1010043-768x576.jpg 768w, http:\/\/art-et-action.fr\/wp-content\/uploads\/2020\/06\/P1010043.jpg 1200w\" sizes=\"(max-width: 1024px) 100vw, 1024px\" \/><\/figure><\/li><li class=\"blocks-gallery-item\"><figure><img loading=\"lazy\" width=\"1024\" height=\"768\" src=\"http:\/\/art-et-action.fr\/wp-content\/uploads\/2020\/06\/lampesLe\u0301o2008-002-1024x768.jpg\" alt=\"\" data-id=\"1348\" data-full-url=\"http:\/\/art-et-action.fr\/wp-content\/uploads\/2020\/06\/lampesLe\u0301o2008-002.jpg\" data-link=\"http:\/\/art-et-action.fr\/?attachment_id=1348\" class=\"wp-image-1348\" srcset=\"http:\/\/art-et-action.fr\/wp-content\/uploads\/2020\/06\/lampesLe\u0301o2008-002-1024x768.jpg 1024w, http:\/\/art-et-action.fr\/wp-content\/uploads\/2020\/06\/lampesLe\u0301o2008-002-300x225.jpg 300w, http:\/\/art-et-action.fr\/wp-content\/uploads\/2020\/06\/lampesLe\u0301o2008-002-768x576.jpg 768w, http:\/\/art-et-action.fr\/wp-content\/uploads\/2020\/06\/lampesLe\u0301o2008-002.jpg 1200w\" sizes=\"(max-width: 1024px) 100vw, 1024px\" \/><\/figure><\/li><li class=\"blocks-gallery-item\"><figure><img loading=\"lazy\" width=\"1024\" height=\"767\" src=\"http:\/\/art-et-action.fr\/wp-content\/uploads\/2020\/06\/DSC00418-1024x767.jpg\" alt=\"\" data-id=\"1885\" data-full-url=\"http:\/\/art-et-action.fr\/wp-content\/uploads\/2020\/06\/DSC00418.jpg\" data-link=\"http:\/\/art-et-action.fr\/?attachment_id=1885\" class=\"wp-image-1885\" srcset=\"http:\/\/art-et-action.fr\/wp-content\/uploads\/2020\/06\/DSC00418-1024x767.jpg 1024w, http:\/\/art-et-action.fr\/wp-content\/uploads\/2020\/06\/DSC00418-300x225.jpg 300w, http:\/\/art-et-action.fr\/wp-content\/uploads\/2020\/06\/DSC00418-768x575.jpg 768w, http:\/\/art-et-action.fr\/wp-content\/uploads\/2020\/06\/DSC00418.jpg 1200w\" sizes=\"(max-width: 1024px) 100vw, 1024px\" \/><\/figure><\/li><\/ul><\/figure>\n\n\n\n<figure class=\"wp-container-4 wp-block-gallery-3 wp-block-gallery columns-1 is-cropped\"><ul class=\"blocks-gallery-grid\"><li class=\"blocks-gallery-item\"><figure><img loading=\"lazy\" width=\"1024\" height=\"767\" src=\"http:\/\/art-et-action.fr\/wp-content\/uploads\/2020\/06\/DSC00422-1024x767.jpg\" alt=\"\" data-id=\"1886\" data-full-url=\"http:\/\/art-et-action.fr\/wp-content\/uploads\/2020\/06\/DSC00422.jpg\" data-link=\"http:\/\/art-et-action.fr\/?attachment_id=1886\" class=\"wp-image-1886\" srcset=\"http:\/\/art-et-action.fr\/wp-content\/uploads\/2020\/06\/DSC00422-1024x767.jpg 1024w, http:\/\/art-et-action.fr\/wp-content\/uploads\/2020\/06\/DSC00422-300x225.jpg 300w, http:\/\/art-et-action.fr\/wp-content\/uploads\/2020\/06\/DSC00422-768x575.jpg 768w, http:\/\/art-et-action.fr\/wp-content\/uploads\/2020\/06\/DSC00422.jpg 1200w\" sizes=\"(max-width: 1024px) 100vw, 1024px\" \/><\/figure><\/li><\/ul><\/figure>\n","protected":false},"excerpt":{"rendered":"","protected":false},"author":1,"featured_media":0,"parent":0,"menu_order":0,"comment_status":"closed","ping_status":"closed","template":"","meta":{"site-sidebar-layout":"default","site-content-layout":"default","ast-global-header-display":"","ast-main-header-display":"","ast-hfb-above-header-display":"","ast-hfb-below-header-display":"","ast-hfb-mobile-header-display":"","site-post-title":"disabled","ast-breadcrumbs-content":"disabled","ast-featured-img":"disabled","footer-sml-layout":"","theme-transparent-header-meta":"disabled","adv-header-id-meta":"","stick-header-meta":"","header-above-stick-meta":"","header-main-stick-meta":"","header-below-stick-meta":"","spay_email":""},"uagb_featured_image_src":{"full":false,"thumbnail":false,"medium":false,"medium_large":false,"large":false,"1536x1536":false,"2048x2048":false},"uagb_author_info":{"display_name":"LEO","author_link":"http:\/\/art-et-action.fr\/?author=1"},"uagb_comment_info":0,"uagb_excerpt":null,"_links":{"self":[{"href":"http:\/\/art-et-action.fr\/index.php?rest_route=\/wp\/v2\/pages\/14"}],"collection":[{"href":"http:\/\/art-et-action.fr\/index.php?rest_route=\/wp\/v2\/pages"}],"about":[{"href":"http:\/\/art-et-action.fr\/index.php?rest_route=\/wp\/v2\/types\/page"}],"author":[{"embeddable":true,"href":"http:\/\/art-et-action.fr\/index.php?rest_route=\/wp\/v2\/users\/1"}],"replies":[{"embeddable":true,"href":"http:\/\/art-et-action.fr\/index.php?rest_route=%2Fwp%2Fv2%2Fcomments&post=14"}],"version-history":[{"count":58,"href":"http:\/\/art-et-action.fr\/index.php?rest_route=\/wp\/v2\/pages\/14\/revisions"}],"predecessor-version":[{"id":2087,"href":"http:\/\/art-et-action.fr\/index.php?rest_route=\/wp\/v2\/pages\/14\/revisions\/2087"}],"wp:attachment":[{"href":"http:\/\/art-et-action.fr\/index.php?rest_route=%2Fwp%2Fv2%2Fmedia&parent=14"}],"curies":[{"name":"wp","href":"https:\/\/api.w.org\/{rel}","templated":true}]}}