{"id":44,"date":"2020-04-20T22:39:01","date_gmt":"2020-04-20T22:39:01","guid":{"rendered":"https:\/\/boer2.djl2l.fr\/?page_id=21"},"modified":"2020-06-07T01:00:38","modified_gmt":"2020-06-07T01:00:38","slug":"livre-dor","status":"publish","type":"page","link":"http:\/\/art-et-action.fr\/?page_id=44","title":{"rendered":"Livre d&rsquo;or"},"content":{"rendered":"\n<div class=\"wp-block-uagb-advanced-heading uagb-block-b95f08dc-7f46-4f21-bac3-d88c65e594ba\"><h2 class=\"uagb-heading-text\"><strong>LIVRE D&rsquo;OR<\/strong><\/h2><div class=\"uagb-separator-wrap\"><div class=\"uagb-separator\"><\/div><\/div><p class=\"uagb-desc-text\"><\/p><\/div>\n\n\n\n<section class=\"wp-block-uagb-section uagb-section__wrap uagb-section__background-undefined uagb-block-98bb5ce7-7d55-42a9-a4bf-03ce9a1202d0\"><div class=\"uagb-section__overlay\"><\/div><div class=\"uagb-section__inner-wrap\"><div class=\"gwolle-gb\"><div class=\"gwolle_gb_messages_top_container\"><\/div>\n\t\t\t<div class=\"gwolle-gb-write-button\">\n\t\t\t\t<input type=\"button\" name=\"gwolle-gb-write-button\" class=\"button btn btn-default \" value=\"\u00c9crire un nouveau message.\" \/>\n\t\t\t<\/div>\n\t\t\t<form action=\"#\" method=\"POST\" class=\"gwolle-gb-write gwolle-gb-hide gwolle-gb-float gwolle_gb_form_ajax gwolle-gb-form-ajax gwolle-gb-ajax\">\n\t\t\t\t<h3><\/h3>\n\t\t\t\t<button type=\"button\" class=\"gb-notice-dismiss\">x<span class=\"screen-reader-text\">Masquer ce formulaire.<\/span><\/button>\n\t\t\t\n\t\t\t\t<input type=\"hidden\" name=\"gwolle_gb_function\" class=\"gwolle_gb_function\" value=\"add_entry\" \/><input type=\"hidden\" name=\"gwolle_gb_book_id\" class=\"gwolle_gb_book_id\" value=\"1\" \/><div class=\"gwolle_gb_74e4c5c2afbf8d5b0cdc715e2eee8485\">\n\t\t\t\t<div class=\"label\"><label for=\"gwolle_gb_74e4c5c2afbf8d5b0cdc715e2eee8485\" class=\"text-info\">Nom *<\/label><\/div>\n\t\t\t\t<div class=\"input\"><input class=\"wp-exclude-emoji gwolle_gb_74e4c5c2afbf8d5b0cdc715e2eee8485\" value=\"\" type=\"text\" name=\"gwolle_gb_74e4c5c2afbf8d5b0cdc715e2eee8485\" required \/><\/div>\n\t\t\t\t<div class=\"clearBoth\">&nbsp;<\/div>\n\t\t\t<\/div><div class=\"gwolle_gb_24394a78bc4d373a5a73fba3880e8f63\">\n\t\t\t\t\t<div class=\"label\"><label for=\"gwolle_gb_24394a78bc4d373a5a73fba3880e8f63\" class=\"text-info\">Ville<\/label><\/div>\n\t\t\t\t\t<div class=\"input\"><input class=\"wp-exclude-emoji gwolle_gb_24394a78bc4d373a5a73fba3880e8f63\" value=\"\" type=\"text\" name=\"gwolle_gb_24394a78bc4d373a5a73fba3880e8f63\" \/><\/div>\n\t\t\t\t\t<div class=\"clearBoth\">&nbsp;<\/div>\n\t\t\t\t<\/div><div class=\"gwolle_gb_77d462ef1773efdf6b9878960f1eda6c\">\n\t\t\t\t<div class=\"label\"><label for=\"gwolle_gb_77d462ef1773efdf6b9878960f1eda6c\" class=\"text-info\">E-mail *<\/label><\/div>\n\t\t\t\t<div class=\"input\"><input class=\"gwolle_gb_77d462ef1773efdf6b9878960f1eda6c\" value=\"\" type=\"email\" name=\"gwolle_gb_77d462ef1773efdf6b9878960f1eda6c\" required \/><\/div>\n\t\t\t\t<div class=\"clearBoth\">&nbsp;<\/div>\n\t\t\t<\/div><div class=\"gwolle_gb_936e2941fb2f702316189dc0999bbfa6\">\n\t\t\t\t<div class=\"label\"><label for=\"gwolle_gb_936e2941fb2f702316189dc0999bbfa6\" class=\"text-info\">Site web<\/label><\/div>\n\t\t\t\t<div class=\"input\"><input class=\"gwolle_gb_936e2941fb2f702316189dc0999bbfa6\" value=\"\" type=\"url\" name=\"gwolle_gb_936e2941fb2f702316189dc0999bbfa6\" \/><\/div>\n\t\t\t\t<div class=\"clearBoth\">&nbsp;<\/div>\n\t\t\t<\/div>\n\t\t\t<div class=\"gwolle_gb_b9dd3fb119f264a033d0782d38bfdc2d\" style=\"display:none;\">\n\t\t\t\t<div class=\"label\">\n\t\t\t\t\t<label for=\"gwolle_gb_b9dd3fb119f264a033d0782d38bfdc2d\" class=\"text-primary\">Ne touchez pas \u00e0 ceci<\/label>\n\t\t\t\t\t<label for=\"gwolle_gb_cc95df12019b17b58cd8864b1d4ff56c\" class=\"text-primary\">Ne touchez pas \u00e0 ceci<\/label>\n\t\t\t\t<\/div>\n\t\t\t\t<div class=\"input\">\n\t\t\t\t\t<input value=\"15\" type=\"text\" name=\"gwolle_gb_b9dd3fb119f264a033d0782d38bfdc2d\" class=\"gwolle_gb_b9dd3fb119f264a033d0782d38bfdc2d\" \/>\n\t\t\t\t\t<input value=\"\" type=\"text\" name=\"gwolle_gb_cc95df12019b17b58cd8864b1d4ff56c\" class=\"gwolle_gb_cc95df12019b17b58cd8864b1d4ff56c\" \/>\n\t\t\t\t<\/div>\n\t\t\t\t<div class=\"clearBoth\"><\/div>\n\t\t\t<\/div>\n\t\t\t<div class=\"gwolle_gb_684449112068c5261d90b5d8ef2e8d05\" style=\"display:none;\">\n\t\t\t\t<div class=\"label\">\n\t\t\t\t\t<label for=\"gwolle_gb_684449112068c5261d90b5d8ef2e8d05\" class=\"text-primary\">Ne touchez pas \u00e0 ceci<\/label>\n\t\t\t\t\t<label for=\"gwolle_gb_2708f1b5107c486ea3161d4933703aef\" class=\"text-primary\">Ne touchez pas \u00e0 ceci<\/label>\n\t\t\t\t<\/div>\n\t\t\t\t<div class=\"input\">\n\t\t\t\t\t<input value=\"41469\" type=\"text\" name=\"gwolle_gb_684449112068c5261d90b5d8ef2e8d05\" class=\"gwolle_gb_684449112068c5261d90b5d8ef2e8d05\" \/>\n\t\t\t\t\t<input value=\"41469\" type=\"text\" name=\"gwolle_gb_2708f1b5107c486ea3161d4933703aef\" class=\"gwolle_gb_2708f1b5107c486ea3161d4933703aef\" \/>\n\t\t\t\t<\/div>\n\t\t\t\t<div class=\"clearBoth\"><\/div>\n\t\t\t<\/div><div class=\"gwolle_gb_content\">\n\t\t\t\t<div class=\"label\"><label for=\"gwolle_gb_content\" class=\"text-info\">Message du livre d\u2019or *<\/label><\/div>\n\t\t\t\t<div class=\"input\"><textarea name=\"gwolle_gb_content\" class=\"gwolle_gb_content wp-exclude-emoji\" required ><\/textarea><\/div>\n\t\t\t\t\t<div class=\"clearBoth\">&nbsp;<\/div>\n\t\t\t\t<\/div><input type=\"hidden\" class=\"gwolle_gb_86e318da8fe24614209166ad31da3225\" name=\"gwolle_gb_86e318da8fe24614209166ad31da3225\" value=\"0f57f421ec\" \/>\n\t\t\t<div class=\"gwolle_gb_messages_bottom_container\"><\/div>\n\n\t\t\t<noscript><div class=\"no-js\">Avertissement\u00a0: Ce formulaire ne peut \u00eatre utilis\u00e9 que si JavaScript est activ\u00e9 dans votre navigateur.<\/div><\/noscript>\n\n\t\t\t<div class=\"gwolle_gb_submit\">\n\t\t\t\t<div class=\"label gwolle-gb-invisible text-muted\">&nbsp;<\/div>\n\t\t\t\t<div class=\"input\">\n\t\t\t\t\t<input type=\"submit\" name=\"gwolle_gb_submit\" class=\"gwolle_gb_submit button btn btn-primary \" value=\"Envoyer\" \/>\n\t\t\t\t\t<span class=\"gwolle_gb_submit_ajax_icon\"><\/span>\n\t\t\t\n\t\t\t\t<\/div>\n\t\t\t\t<div class=\"clearBoth\">&nbsp;<\/div>\n\t\t\t<\/div>\n\n\t\t\t<div class=\"gwolle_gb_notice\">\n\t\t\t\t\n\t\t\t<\/div><\/form><div class=\"gwolle-gb-read gwolle-gb-ajax\" data-book_id=\"1\">(Pas de message)<\/div><\/div>\n<\/div><\/section>\n","protected":false},"excerpt":{"rendered":"","protected":false},"author":1,"featured_media":0,"parent":0,"menu_order":8,"comment_status":"closed","ping_status":"closed","template":"","meta":{"site-sidebar-layout":"no-sidebar","site-content-layout":"default","ast-global-header-display":"","ast-main-header-display":"","ast-hfb-above-header-display":"","ast-hfb-below-header-display":"","ast-hfb-mobile-header-display":"","site-post-title":"disabled","ast-breadcrumbs-content":"disabled","ast-featured-img":"disabled","footer-sml-layout":"","theme-transparent-header-meta":"default","adv-header-id-meta":"","stick-header-meta":"","header-above-stick-meta":"","header-main-stick-meta":"","header-below-stick-meta":"","spay_email":""},"uagb_featured_image_src":{"full":false,"thumbnail":false,"medium":false,"medium_large":false,"large":false,"1536x1536":false,"2048x2048":false},"uagb_author_info":{"display_name":"LEO","author_link":"http:\/\/art-et-action.fr\/?author=1"},"uagb_comment_info":0,"uagb_excerpt":null,"_links":{"self":[{"href":"http:\/\/art-et-action.fr\/index.php?rest_route=\/wp\/v2\/pages\/44"}],"collection":[{"href":"http:\/\/art-et-action.fr\/index.php?rest_route=\/wp\/v2\/pages"}],"about":[{"href":"http:\/\/art-et-action.fr\/index.php?rest_route=\/wp\/v2\/types\/page"}],"author":[{"embeddable":true,"href":"http:\/\/art-et-action.fr\/index.php?rest_route=\/wp\/v2\/users\/1"}],"replies":[{"embeddable":true,"href":"http:\/\/art-et-action.fr\/index.php?rest_route=%2Fwp%2Fv2%2Fcomments&post=44"}],"version-history":[{"count":1,"href":"http:\/\/art-et-action.fr\/index.php?rest_route=\/wp\/v2\/pages\/44\/revisions"}],"predecessor-version":[{"id":1702,"href":"http:\/\/art-et-action.fr\/index.php?rest_route=\/wp\/v2\/pages\/44\/revisions\/1702"}],"wp:attachment":[{"href":"http:\/\/art-et-action.fr\/index.php?rest_route=%2Fwp%2Fv2%2Fmedia&parent=44"}],"curies":[{"name":"wp","href":"https:\/\/api.w.org\/{rel}","templated":true}]}}